{"id":92,"date":"2021-03-11T07:50:29","date_gmt":"2021-03-11T07:50:29","guid":{"rendered":"https:\/\/swp-steuerberater.de\/?page_id=92"},"modified":"2022-01-06T12:44:05","modified_gmt":"2022-01-06T12:44:05","slug":"ueber-uns","status":"publish","type":"page","link":"https:\/\/swp-steuerberater.de\/?page_id=92","title":{"rendered":"\u00dcber uns"},"content":{"rendered":"\n<p><strong>Wir suchen:<\/strong><\/p>\n\n\n\n<figure class=\"wp-block-image size-full is-resized\"><img decoding=\"async\" src=\"https:\/\/swp-steuerberater.de\/wp-content\/uploads\/2021\/09\/Stellenanzeige.jpg\" alt=\"\" class=\"wp-image-105\" width=\"600\" srcset=\"https:\/\/swp-steuerberater.de\/wp-content\/uploads\/2021\/09\/Stellenanzeige.jpg 787w, https:\/\/swp-steuerberater.de\/wp-content\/uploads\/2021\/09\/Stellenanzeige-270x300.jpg 270w, https:\/\/swp-steuerberater.de\/wp-content\/uploads\/2021\/09\/Stellenanzeige-768x852.jpg 768w\" sizes=\"(max-width: 787px) 100vw, 787px\" \/><\/figure>\n\n\n\n<p><strong>Wir bilden aus zum\/zur Steuerfachangestellte\/n (m\/w\/d)<\/strong><\/p>\n\n\n\n<p>Steuerfachangestellte m\/w\/d betreuen und beraten zusammen mit Steuerberatern und -beraterinnen Mandantinnen und Mandanten in steuerrechtlichen und betriebswirtschaftlichen Angelegenheiten. Zudem \u00fcbernehmen sie organisatorische und kaufm\u00e4nnische Aufgaben. Analog oder digital &#8211; in beiden Welten ergeben sich interessante Herausforderungen.<\/p>\n\n\n\n<p><strong>Voraussetzungen, z.B. gew\u00fcnschter Schulabschluss:<\/strong> Mittlere Reife <br><\/p>\n\n\n\n<p><strong>SWP-Steuerberater Sch\u00fcrgers|Wieczorek PartG mbB<br>Herrn Thomas Wieczorek<br>Corneliusstra\u00dfe 195<br>47918 T\u00f6nisvorst<\/strong><br><br><strong>info@swp-steuerberater.de<\/strong><\/p>\n\n\n\n<p><a rel=\"noreferrer noopener\" href=\"https:\/\/www.bstbk.de\/downloads\/bstbk\/presse-und-kommunikation\/publikationen\/allgemein\/BStBK_Pub_Flyer_StFA.pdf\" target=\"_blank\">Weitere Informationen \u00fcber den Beruf der\/s Steuerfachangestellten<\/a><\/p>\n\n\n\n<p>Ein Praktikum ist nach Absprache jederzeit m\u00f6glich.<\/p>\n","protected":false},"excerpt":{"rendered":"<p>Wir suchen: Wir bilden aus zum\/zur Steuerfachangestellte\/n (m\/w\/d) Steuerfachangestellte m\/w\/d betreuen und beraten zusammen mit Steuerberatern und -beraterinnen Mandantinnen und&hellip;<\/p>\n","protected":false},"author":1,"featured_media":0,"parent":0,"menu_order":2,"comment_status":"closed","ping_status":"closed","template":"","meta":{"footnotes":""},"class_list":["post-92","page","type-page","status-publish","hentry"],"_links":{"self":[{"href":"https:\/\/swp-steuerberater.de\/index.php?rest_route=\/wp\/v2\/pages\/92","targetHints":{"allow":["GET"]}}],"collection":[{"href":"https:\/\/swp-steuerberater.de\/index.php?rest_route=\/wp\/v2\/pages"}],"about":[{"href":"https:\/\/swp-steuerberater.de\/index.php?rest_route=\/wp\/v2\/types\/page"}],"author":[{"embeddable":true,"href":"https:\/\/swp-steuerberater.de\/index.php?rest_route=\/wp\/v2\/users\/1"}],"replies":[{"embeddable":true,"href":"https:\/\/swp-steuerberater.de\/index.php?rest_route=%2Fwp%2Fv2%2Fcomments&post=92"}],"version-history":[{"count":7,"href":"https:\/\/swp-steuerberater.de\/index.php?rest_route=\/wp\/v2\/pages\/92\/revisions"}],"predecessor-version":[{"id":111,"href":"https:\/\/swp-steuerberater.de\/index.php?rest_route=\/wp\/v2\/pages\/92\/revisions\/111"}],"wp:attachment":[{"href":"https:\/\/swp-steuerberater.de\/index.php?rest_route=%2Fwp%2Fv2%2Fmedia&parent=92"}],"curies":[{"name":"wp","href":"https:\/\/api.w.org\/{rel}","templated":true}]}}