{"id":57,"date":"2019-08-28T11:49:43","date_gmt":"2019-08-28T11:49:43","guid":{"rendered":"https:\/\/swp-steuerberater.de\/?page_id=57"},"modified":"2021-07-12T09:49:18","modified_gmt":"2021-07-12T09:49:18","slug":"mandanten-infos","status":"publish","type":"page","link":"https:\/\/swp-steuerberater.de\/?page_id=57","title":{"rendered":"Portalbereich"},"content":{"rendered":"<h2>OneClick Portalbereich Mandanten-Login:<\/h2>\n<p style=\"text-align: center;\"><a href=\"https:\/\/swp-steuerberater.portal-bereich.de\/\" target=\"_blank\" rel=\"noopener noreferrer\">https:\/\/swp-steuerberater.portal-bereich.de\/<\/a><\/p>\n<p><\/p>\n\n\n<h2 class=\"wp-block-heading\">Was ist Addison OneClick?<\/h2>\n\n\n\n<p>Genau die richtige L\u00f6sung f\u00fcr <strong>Freiberufler, Selbstst\u00e4ndige bis hin zu kleineren und mittelst\u00e4ndischen Unternehmen<\/strong>:<\/p>\n\n\n\n<figure class=\"wp-block-embed is-type-video is-provider-youtube wp-block-embed-youtube wp-embed-aspect-16-9 wp-has-aspect-ratio\"><div class=\"wp-block-embed__wrapper\">\n<iframe loading=\"lazy\" title=\"ADDISON OneClick - ... macht das Mandantenleben einfacher\" width=\"688\" height=\"387\" src=\"https:\/\/www.youtube.com\/embed\/zG7cBiAfAp0?feature=oembed\" frameborder=\"0\" allow=\"accelerometer; autoplay; clipboard-write; encrypted-media; gyroscope; picture-in-picture\" allowfullscreen><\/iframe>\n<\/div><\/figure>\n\n\n\n<p class=\"has-text-align-center\"><strong><a href=\"https:\/\/www.addisononeclick.de\/wp-content\/uploads\/2016\/04\/WK_ADDISON_OneClick_042016.pdf\" target=\"_blank\" rel=\"noreferrer noopener\" aria-label=\"einfach - mobil - passgenau - flexibel - sicher (\u00f6ffnet in neuem Tab)\">einfach &#8211; mobil &#8211; passgenau &#8211; flexibel &#8211; sicher<\/a><\/strong><\/p>\n\n\n\n<figure class=\"wp-block-embed is-type-video is-provider-youtube wp-block-embed-youtube wp-embed-aspect-16-9 wp-has-aspect-ratio\"><div class=\"wp-block-embed__wrapper\">\n<iframe loading=\"lazy\" title=\"ADDISON OneClick: So einfach geht&#039;s....\" width=\"688\" height=\"387\" src=\"https:\/\/www.youtube.com\/embed\/WWd-fR0TtVw?feature=oembed\" frameborder=\"0\" allow=\"accelerometer; autoplay; clipboard-write; encrypted-media; gyroscope; picture-in-picture\" allowfullscreen><\/iframe>\n<\/div><figcaption><strong><span class=\"has-inline-color has-secondary-color\">ADDISON ONeClick: So einfach geht&#8217;s &#8230;<\/span><\/strong><\/figcaption><\/figure>\n\n\n\n<figure class=\"wp-block-image\"><img loading=\"lazy\" decoding=\"async\" width=\"1024\" height=\"557\" src=\"https:\/\/swp-steuerberater.de\/wp-content\/uploads\/2019\/09\/gesamtbild_1-1024x557.png\" alt=\"\u00dcbersicht OneClick\" class=\"wp-image-76\" srcset=\"https:\/\/swp-steuerberater.de\/wp-content\/uploads\/2019\/09\/gesamtbild_1-1024x557.png 1024w, https:\/\/swp-steuerberater.de\/wp-content\/uploads\/2019\/09\/gesamtbild_1-300x163.png 300w, https:\/\/swp-steuerberater.de\/wp-content\/uploads\/2019\/09\/gesamtbild_1-768x418.png 768w, https:\/\/swp-steuerberater.de\/wp-content\/uploads\/2019\/09\/gesamtbild_1.png 1510w\" sizes=\"auto, (max-width: 1024px) 100vw, 1024px\" \/><\/figure>\n","protected":false},"excerpt":{"rendered":"<p>OneClick Portalbereich Mandanten-Login: https:\/\/swp-steuerberater.portal-bereich.de\/ Was ist Addison OneClick? Genau die richtige L\u00f6sung f\u00fcr Freiberufler, Selbstst\u00e4ndige bis hin zu kleineren und&hellip;<\/p>\n","protected":false},"author":1,"featured_media":0,"parent":0,"menu_order":3,"comment_status":"closed","ping_status":"closed","template":"","meta":{"footnotes":""},"class_list":["post-57","page","type-page","status-publish","hentry"],"_links":{"self":[{"href":"https:\/\/swp-steuerberater.de\/index.php?rest_route=\/wp\/v2\/pages\/57","targetHints":{"allow":["GET"]}}],"collection":[{"href":"https:\/\/swp-steuerberater.de\/index.php?rest_route=\/wp\/v2\/pages"}],"about":[{"href":"https:\/\/swp-steuerberater.de\/index.php?rest_route=\/wp\/v2\/types\/page"}],"author":[{"embeddable":true,"href":"https:\/\/swp-steuerberater.de\/index.php?rest_route=\/wp\/v2\/users\/1"}],"replies":[{"embeddable":true,"href":"https:\/\/swp-steuerberater.de\/index.php?rest_route=%2Fwp%2Fv2%2Fcomments&post=57"}],"version-history":[{"count":18,"href":"https:\/\/swp-steuerberater.de\/index.php?rest_route=\/wp\/v2\/pages\/57\/revisions"}],"predecessor-version":[{"id":102,"href":"https:\/\/swp-steuerberater.de\/index.php?rest_route=\/wp\/v2\/pages\/57\/revisions\/102"}],"wp:attachment":[{"href":"https:\/\/swp-steuerberater.de\/index.php?rest_route=%2Fwp%2Fv2%2Fmedia&parent=57"}],"curies":[{"name":"wp","href":"https:\/\/api.w.org\/{rel}","templated":true}]}}